{"id":1609,"date":"2020-11-12T15:18:18","date_gmt":"2020-11-12T14:18:18","guid":{"rendered":"https:\/\/gm-glacesetpatisseries.fr\/?page_id=1609"},"modified":"2020-11-12T15:34:33","modified_gmt":"2020-11-12T14:34:33","slug":"le-diamant","status":"publish","type":"page","link":"https:\/\/gm-glacesetpatisseries.fr\/index.php\/le-diamant\/","title":{"rendered":"Le Diamant"},"content":{"rendered":"\t\t<div data-elementor-type=\"wp-page\" data-elementor-id=\"1609\" class=\"elementor elementor-1609\">\n\t\t\t\t\t\t<section class=\"elementor-section elementor-top-section elementor-element elementor-element-4d813b83 animated-slow elementor-section-boxed elementor-section-height-default elementor-section-height-default elementor-invisible\" data-id=\"4d813b83\" data-element_type=\"section\" data-settings=\"{&quot;animation&quot;:&quot;fadeInDown&quot;}\">\n\t\t\t\t\t\t<div class=\"elementor-container elementor-column-gap-default\">\n\t\t\t\t\t<div class=\"elementor-column elementor-col-100 elementor-top-column elementor-element elementor-element-1c88d9af\" data-id=\"1c88d9af\" data-element_type=\"column\">\n\t\t\t<div class=\"elementor-widget-wrap elementor-element-populated\">\n\t\t\t\t\t\t<div class=\"elementor-element elementor-element-473d54f5 elementor-widget elementor-widget-text-editor\" data-id=\"473d54f5\" data-element_type=\"widget\" data-widget_type=\"text-editor.default\">\n\t\t\t\t<div class=\"elementor-widget-container\">\n\t\t\t\t\t\t\t<p style=\"text-align: center;\"><img fetchpriority=\"high\" decoding=\"async\" class=\"aligncenter wp-image-1361 size-medium\" src=\"https:\/\/gm-glacesetpatisseries.fr\/wp-content\/uploads\/2020\/10\/Diamant2018-600-300x254.png\" alt=\"P\u00e2tisseries GM DIAMANT\" width=\"300\" height=\"254\" srcset=\"https:\/\/gm-glacesetpatisseries.fr\/wp-content\/uploads\/2020\/10\/Diamant2018-600-300x254.png 300w, https:\/\/gm-glacesetpatisseries.fr\/wp-content\/uploads\/2020\/10\/Diamant2018-600.png 600w\" sizes=\"(max-width: 300px) 100vw, 300px\" \/>Fondez pour un cr\u00e9meux \u00e0 la noisette et une mousse chocolat au lait Jivara 40%\r\nrehauss\u00e9e d&rsquo;un gla\u00e7age chocolat lait noisette, ce concentr\u00e9 de gourmandises\r\nrepose sur un pralin\u00e9 feuillet\u00e9 intense ainsi qu\u2019un biscuit aux amandes.<\/p>\t\t\t\t\t\t<\/div>\n\t\t\t\t<\/div>\n\t\t\t\t\t<\/div>\n\t\t<\/div>\n\t\t\t\t\t<\/div>\n\t\t<\/section>\n\t\t\t\t<\/div>\n\t\t","protected":false},"excerpt":{"rendered":"<p>Fondez pour un cr\u00e9meux \u00e0 la noisette et une mousse chocolat au lait Jivara 40% rehauss\u00e9e d&rsquo;un gla\u00e7age chocolat lait noisette, ce concentr\u00e9 de gourmandises repose sur un pralin\u00e9 feuillet\u00e9 intense ainsi qu\u2019un biscuit aux amandes.<\/p>\n","protected":false},"author":1,"featured_media":0,"parent":0,"menu_order":0,"comment_status":"closed","ping_status":"closed","template":"","meta":{"site-sidebar-layout":"default","site-content-layout":"default","ast-site-content-layout":"","site-content-style":"default","site-sidebar-style":"default","ast-global-header-display":"","ast-banner-title-visibility":"","ast-main-header-display":"","ast-hfb-above-header-display":"","ast-hfb-below-header-display":"","ast-hfb-mobile-header-display":"","site-post-title":"","ast-breadcrumbs-content":"","ast-featured-img":"","footer-sml-layout":"","theme-transparent-header-meta":"default","adv-header-id-meta":"","stick-header-meta":"","header-above-stick-meta":"","header-main-stick-meta":"","header-below-stick-meta":"","astra-migrate-meta-layouts":"default","ast-page-background-enabled":"default","ast-page-background-meta":{"desktop":{"background-color":"","background-image":"","background-repeat":"repeat","background-position":"center center","background-size":"auto","background-attachment":"scroll","background-type":"","background-media":"","overlay-type":"","overlay-color":"","overlay-opacity":"","overlay-gradient":""},"tablet":{"background-color":"","background-image":"","background-repeat":"repeat","background-position":"center center","background-size":"auto","background-attachment":"scroll","background-type":"","background-media":"","overlay-type":"","overlay-color":"","overlay-opacity":"","overlay-gradient":""},"mobile":{"background-color":"","background-image":"","background-repeat":"repeat","background-position":"center center","background-size":"auto","background-attachment":"scroll","background-type":"","background-media":"","overlay-type":"","overlay-color":"","overlay-opacity":"","overlay-gradient":""}},"ast-content-background-meta":{"desktop":{"background-color":"var(--ast-global-color-5)","background-image":"","background-repeat":"repeat","background-position":"center center","background-size":"auto","background-attachment":"scroll","background-type":"","background-media":"","overlay-type":"","overlay-color":"","overlay-opacity":"","overlay-gradient":""},"tablet":{"background-color":"var(--ast-global-color-5)","background-image":"","background-repeat":"repeat","background-position":"center center","background-size":"auto","background-attachment":"scroll","background-type":"","background-media":"","overlay-type":"","overlay-color":"","overlay-opacity":"","overlay-gradient":""},"mobile":{"background-color":"var(--ast-global-color-5)","background-image":"","background-repeat":"repeat","background-position":"center center","background-size":"auto","background-attachment":"scroll","background-type":"","background-media":"","overlay-type":"","overlay-color":"","overlay-opacity":"","overlay-gradient":""}}},"yoast_head":"<!-- This site is optimized with the Yoast SEO plugin v21.1 - https:\/\/yoast.com\/wordpress\/plugins\/seo\/ -->\n<title>Le Diamant - Les Glaces et P\u00e2tisseries<\/title>\n<meta name=\"robots\" content=\"index, follow, max-snippet:-1, max-image-preview:large, max-video-preview:-1\" \/>\n<link rel=\"canonical\" href=\"https:\/\/gm-glacesetpatisseries.fr\/index.php\/le-diamant\/\" \/>\n<meta property=\"og:locale\" content=\"fr_FR\" \/>\n<meta property=\"og:type\" content=\"article\" \/>\n<meta property=\"og:title\" content=\"Le Diamant - Les Glaces et P\u00e2tisseries\" \/>\n<meta property=\"og:description\" content=\"Fondez pour un cr\u00e9meux \u00e0 la noisette et une mousse chocolat au lait Jivara 40% rehauss\u00e9e d&rsquo;un gla\u00e7age chocolat lait noisette, ce concentr\u00e9 de gourmandises repose sur un pralin\u00e9 feuillet\u00e9 intense ainsi qu\u2019un biscuit aux amandes.\" \/>\n<meta property=\"og:url\" content=\"https:\/\/gm-glacesetpatisseries.fr\/index.php\/le-diamant\/\" \/>\n<meta property=\"og:site_name\" content=\"Les Glaces et P\u00e2tisseries\" \/>\n<meta property=\"article:modified_time\" content=\"2020-11-12T14:34:33+00:00\" \/>\n<meta property=\"og:image\" content=\"https:\/\/gm-glacesetpatisseries.fr\/wp-content\/uploads\/2020\/10\/Diamant2018-600-300x254.png\" \/>\n<meta name=\"twitter:card\" content=\"summary_large_image\" \/>\n<script type=\"application\/ld+json\" class=\"yoast-schema-graph\">{\"@context\":\"https:\/\/schema.org\",\"@graph\":[{\"@type\":\"WebPage\",\"@id\":\"https:\/\/gm-glacesetpatisseries.fr\/index.php\/le-diamant\/\",\"url\":\"https:\/\/gm-glacesetpatisseries.fr\/index.php\/le-diamant\/\",\"name\":\"Le Diamant - Les Glaces et P\u00e2tisseries\",\"isPartOf\":{\"@id\":\"https:\/\/gm-glacesetpatisseries.fr\/#website\"},\"datePublished\":\"2020-11-12T14:18:18+00:00\",\"dateModified\":\"2020-11-12T14:34:33+00:00\",\"breadcrumb\":{\"@id\":\"https:\/\/gm-glacesetpatisseries.fr\/index.php\/le-diamant\/#breadcrumb\"},\"inLanguage\":\"fr-FR\",\"potentialAction\":[{\"@type\":\"ReadAction\",\"target\":[\"https:\/\/gm-glacesetpatisseries.fr\/index.php\/le-diamant\/\"]}]},{\"@type\":\"BreadcrumbList\",\"@id\":\"https:\/\/gm-glacesetpatisseries.fr\/index.php\/le-diamant\/#breadcrumb\",\"itemListElement\":[{\"@type\":\"ListItem\",\"position\":1,\"name\":\"Accueil\",\"item\":\"https:\/\/gm-glacesetpatisseries.fr\/\"},{\"@type\":\"ListItem\",\"position\":2,\"name\":\"Le Diamant\"}]},{\"@type\":\"WebSite\",\"@id\":\"https:\/\/gm-glacesetpatisseries.fr\/#website\",\"url\":\"https:\/\/gm-glacesetpatisseries.fr\/\",\"name\":\"Les Glaces et P\u00e2tisseries\",\"description\":\"Pour fondre de plaisir\",\"publisher\":{\"@id\":\"https:\/\/gm-glacesetpatisseries.fr\/#organization\"},\"potentialAction\":[{\"@type\":\"SearchAction\",\"target\":{\"@type\":\"EntryPoint\",\"urlTemplate\":\"https:\/\/gm-glacesetpatisseries.fr\/?s={search_term_string}\"},\"query-input\":\"required name=search_term_string\"}],\"inLanguage\":\"fr-FR\"},{\"@type\":\"Organization\",\"@id\":\"https:\/\/gm-glacesetpatisseries.fr\/#organization\",\"name\":\"Les Glaces et P\u00e2tisseries\",\"url\":\"https:\/\/gm-glacesetpatisseries.fr\/\",\"logo\":{\"@type\":\"ImageObject\",\"inLanguage\":\"fr-FR\",\"@id\":\"https:\/\/gm-glacesetpatisseries.fr\/#\/schema\/logo\/image\/\",\"url\":\"https:\/\/gm-glacesetpatisseries.fr\/wp-content\/uploads\/2020\/10\/cropped-logo-Vectorise1-1.png\",\"contentUrl\":\"https:\/\/gm-glacesetpatisseries.fr\/wp-content\/uploads\/2020\/10\/cropped-logo-Vectorise1-1.png\",\"width\":1949,\"height\":1456,\"caption\":\"Les Glaces et P\u00e2tisseries\"},\"image\":{\"@id\":\"https:\/\/gm-glacesetpatisseries.fr\/#\/schema\/logo\/image\/\"}}]}<\/script>\n<!-- \/ Yoast SEO plugin. -->","yoast_head_json":{"title":"Le Diamant - Les Glaces et P\u00e2tisseries","robots":{"index":"index","follow":"follow","max-snippet":"max-snippet:-1","max-image-preview":"max-image-preview:large","max-video-preview":"max-video-preview:-1"},"canonical":"https:\/\/gm-glacesetpatisseries.fr\/index.php\/le-diamant\/","og_locale":"fr_FR","og_type":"article","og_title":"Le Diamant - Les Glaces et P\u00e2tisseries","og_description":"Fondez pour un cr\u00e9meux \u00e0 la noisette et une mousse chocolat au lait Jivara 40% rehauss\u00e9e d&rsquo;un gla\u00e7age chocolat lait noisette, ce concentr\u00e9 de gourmandises repose sur un pralin\u00e9 feuillet\u00e9 intense ainsi qu\u2019un biscuit aux amandes.","og_url":"https:\/\/gm-glacesetpatisseries.fr\/index.php\/le-diamant\/","og_site_name":"Les Glaces et P\u00e2tisseries","article_modified_time":"2020-11-12T14:34:33+00:00","og_image":[{"url":"https:\/\/gm-glacesetpatisseries.fr\/wp-content\/uploads\/2020\/10\/Diamant2018-600-300x254.png"}],"twitter_card":"summary_large_image","schema":{"@context":"https:\/\/schema.org","@graph":[{"@type":"WebPage","@id":"https:\/\/gm-glacesetpatisseries.fr\/index.php\/le-diamant\/","url":"https:\/\/gm-glacesetpatisseries.fr\/index.php\/le-diamant\/","name":"Le Diamant - Les Glaces et P\u00e2tisseries","isPartOf":{"@id":"https:\/\/gm-glacesetpatisseries.fr\/#website"},"datePublished":"2020-11-12T14:18:18+00:00","dateModified":"2020-11-12T14:34:33+00:00","breadcrumb":{"@id":"https:\/\/gm-glacesetpatisseries.fr\/index.php\/le-diamant\/#breadcrumb"},"inLanguage":"fr-FR","potentialAction":[{"@type":"ReadAction","target":["https:\/\/gm-glacesetpatisseries.fr\/index.php\/le-diamant\/"]}]},{"@type":"BreadcrumbList","@id":"https:\/\/gm-glacesetpatisseries.fr\/index.php\/le-diamant\/#breadcrumb","itemListElement":[{"@type":"ListItem","position":1,"name":"Accueil","item":"https:\/\/gm-glacesetpatisseries.fr\/"},{"@type":"ListItem","position":2,"name":"Le Diamant"}]},{"@type":"WebSite","@id":"https:\/\/gm-glacesetpatisseries.fr\/#website","url":"https:\/\/gm-glacesetpatisseries.fr\/","name":"Les Glaces et P\u00e2tisseries","description":"Pour fondre de plaisir","publisher":{"@id":"https:\/\/gm-glacesetpatisseries.fr\/#organization"},"potentialAction":[{"@type":"SearchAction","target":{"@type":"EntryPoint","urlTemplate":"https:\/\/gm-glacesetpatisseries.fr\/?s={search_term_string}"},"query-input":"required name=search_term_string"}],"inLanguage":"fr-FR"},{"@type":"Organization","@id":"https:\/\/gm-glacesetpatisseries.fr\/#organization","name":"Les Glaces et P\u00e2tisseries","url":"https:\/\/gm-glacesetpatisseries.fr\/","logo":{"@type":"ImageObject","inLanguage":"fr-FR","@id":"https:\/\/gm-glacesetpatisseries.fr\/#\/schema\/logo\/image\/","url":"https:\/\/gm-glacesetpatisseries.fr\/wp-content\/uploads\/2020\/10\/cropped-logo-Vectorise1-1.png","contentUrl":"https:\/\/gm-glacesetpatisseries.fr\/wp-content\/uploads\/2020\/10\/cropped-logo-Vectorise1-1.png","width":1949,"height":1456,"caption":"Les Glaces et P\u00e2tisseries"},"image":{"@id":"https:\/\/gm-glacesetpatisseries.fr\/#\/schema\/logo\/image\/"}}]}},"_links":{"self":[{"href":"https:\/\/gm-glacesetpatisseries.fr\/index.php\/wp-json\/wp\/v2\/pages\/1609"}],"collection":[{"href":"https:\/\/gm-glacesetpatisseries.fr\/index.php\/wp-json\/wp\/v2\/pages"}],"about":[{"href":"https:\/\/gm-glacesetpatisseries.fr\/index.php\/wp-json\/wp\/v2\/types\/page"}],"author":[{"embeddable":true,"href":"https:\/\/gm-glacesetpatisseries.fr\/index.php\/wp-json\/wp\/v2\/users\/1"}],"replies":[{"embeddable":true,"href":"https:\/\/gm-glacesetpatisseries.fr\/index.php\/wp-json\/wp\/v2\/comments?post=1609"}],"version-history":[{"count":10,"href":"https:\/\/gm-glacesetpatisseries.fr\/index.php\/wp-json\/wp\/v2\/pages\/1609\/revisions"}],"predecessor-version":[{"id":1626,"href":"https:\/\/gm-glacesetpatisseries.fr\/index.php\/wp-json\/wp\/v2\/pages\/1609\/revisions\/1626"}],"wp:attachment":[{"href":"https:\/\/gm-glacesetpatisseries.fr\/index.php\/wp-json\/wp\/v2\/media?parent=1609"}],"curies":[{"name":"wp","href":"https:\/\/api.w.org\/{rel}","templated":true}]}}