{"id":1170,"date":"2020-10-30T13:00:06","date_gmt":"2020-10-30T12:00:06","guid":{"rendered":"https:\/\/gm-glacesetpatisseries.fr\/index.php\/home\/"},"modified":"2025-10-14T12:22:59","modified_gmt":"2025-10-14T10:22:59","slug":"home","status":"publish","type":"page","link":"https:\/\/gm-glacesetpatisseries.fr\/","title":{"rendered":"Accueil GM"},"content":{"rendered":"\t\t<div data-elementor-type=\"wp-post\" data-elementor-id=\"1170\" class=\"elementor elementor-1170\">\n\t\t\t\t\t\t<section class=\"elementor-section elementor-top-section elementor-element elementor-element-7843f13 elementor-section-full_width elementor-section-height-default elementor-section-height-default\" data-id=\"7843f13\" data-element_type=\"section\">\n\t\t\t\t\t\t<div class=\"elementor-container elementor-column-gap-default\">\n\t\t\t\t\t<div class=\"elementor-column elementor-col-100 elementor-top-column elementor-element elementor-element-d03d4a1\" data-id=\"d03d4a1\" data-element_type=\"column\">\n\t\t\t<div class=\"elementor-widget-wrap elementor-element-populated\">\n\t\t\t\t\t\t<div class=\"elementor-element elementor-element-b8eb6c4 elementor-widget elementor-widget-spacer\" data-id=\"b8eb6c4\" data-element_type=\"widget\" data-widget_type=\"spacer.default\">\n\t\t\t\t<div class=\"elementor-widget-container\">\n\t\t\t\t\t<div class=\"elementor-spacer\">\n\t\t\t<div class=\"elementor-spacer-inner\"><\/div>\n\t\t<\/div>\n\t\t\t\t<\/div>\n\t\t\t\t<\/div>\n\t\t\t\t\t<\/div>\n\t\t<\/div>\n\t\t\t\t\t<\/div>\n\t\t<\/section>\n\t\t\t\t<section class=\"elementor-section elementor-top-section elementor-element elementor-element-4dd9be3 elementor-section-full_width elementor-section-height-min-height elementor-section-items-bottom elementor-section-stretched elementor-section-height-default\" data-id=\"4dd9be3\" data-element_type=\"section\" data-settings=\"{&quot;stretch_section&quot;:&quot;section-stretched&quot;,&quot;background_background&quot;:&quot;slideshow&quot;,&quot;background_slideshow_gallery&quot;:[{&quot;id&quot;:1213,&quot;url&quot;:&quot;https:\\\/\\\/gm-glacesetpatisseries.fr\\\/wp-content\\\/uploads\\\/2020\\\/10\\\/tarteFramboise.jpg&quot;},{&quot;id&quot;:1207,&quot;url&quot;:&quot;https:\\\/\\\/gm-glacesetpatisseries.fr\\\/wp-content\\\/uploads\\\/2020\\\/10\\\/BabaPassion.jpg&quot;},{&quot;id&quot;:1209,&quot;url&quot;:&quot;https:\\\/\\\/gm-glacesetpatisseries.fr\\\/wp-content\\\/uploads\\\/2020\\\/10\\\/poire.jpg&quot;}],&quot;background_slideshow_ken_burns&quot;:&quot;yes&quot;,&quot;background_slideshow_ken_burns_zoom_direction&quot;:&quot;out&quot;,&quot;background_slideshow_loop&quot;:&quot;yes&quot;,&quot;background_slideshow_slide_duration&quot;:5000,&quot;background_slideshow_slide_transition&quot;:&quot;fade&quot;,&quot;background_slideshow_transition_duration&quot;:500}\">\n\t\t\t\t\t\t\t<div class=\"elementor-background-overlay\"><\/div>\n\t\t\t\t\t\t\t<div class=\"elementor-container elementor-column-gap-no\">\n\t\t\t\t\t<div class=\"elementor-column elementor-col-100 elementor-top-column elementor-element elementor-element-90ea3d4\" data-id=\"90ea3d4\" data-element_type=\"column\" data-settings=\"{&quot;background_background&quot;:&quot;slideshow&quot;,&quot;background_slideshow_gallery&quot;:[],&quot;background_slideshow_loop&quot;:&quot;yes&quot;,&quot;background_slideshow_slide_duration&quot;:5000,&quot;background_slideshow_slide_transition&quot;:&quot;fade&quot;,&quot;background_slideshow_transition_duration&quot;:500}\">\n\t\t\t<div class=\"elementor-widget-wrap elementor-element-populated\">\n\t\t\t\t\t\t<div class=\"elementor-element elementor-element-28bf964 elementor-widget elementor-widget-spacer\" data-id=\"28bf964\" data-element_type=\"widget\" data-widget_type=\"spacer.default\">\n\t\t\t\t<div class=\"elementor-widget-container\">\n\t\t\t\t\t<div class=\"elementor-spacer\">\n\t\t\t<div class=\"elementor-spacer-inner\"><\/div>\n\t\t<\/div>\n\t\t\t\t<\/div>\n\t\t\t\t<\/div>\n\t\t\t\t<div class=\"elementor-element elementor-element-33233a6 elementor-widget elementor-widget-heading\" data-id=\"33233a6\" data-element_type=\"widget\" data-widget_type=\"heading.default\">\n\t\t\t\t<div class=\"elementor-widget-container\">\n\t\t\t<h1 class=\"elementor-heading-title elementor-size-default\">G'M Les Glaces et P\u00e2tisseries<\/h1>\t\t<\/div>\n\t\t\t\t<\/div>\n\t\t\t\t\t<\/div>\n\t\t<\/div>\n\t\t\t\t\t<\/div>\n\t\t<\/section>\n\t\t\t\t<section class=\"elementor-section elementor-top-section elementor-element elementor-element-f001353 elementor-section-boxed elementor-section-height-default elementor-section-height-default\" data-id=\"f001353\" data-element_type=\"section\">\n\t\t\t\t\t\t<div class=\"elementor-container elementor-column-gap-default\">\n\t\t\t\t\t<div class=\"elementor-column elementor-col-25 elementor-top-column elementor-element elementor-element-f91b449\" data-id=\"f91b449\" data-element_type=\"column\">\n\t\t\t<div class=\"elementor-widget-wrap elementor-element-populated\">\n\t\t\t\t\t\t<div class=\"elementor-element elementor-element-6b298f5 elementor-widget elementor-widget-heading\" data-id=\"6b298f5\" data-element_type=\"widget\" data-widget_type=\"heading.default\">\n\t\t\t\t<div class=\"elementor-widget-container\">\n\t\t\t<h2 class=\"elementor-heading-title elementor-size-default\"><a href=\"https:\/\/gm-glacesetpatisseries.fr\/index.php\/patisseries\/\">P\u00e2tisseries<\/a><\/h2>\t\t<\/div>\n\t\t\t\t<\/div>\n\t\t\t\t<div class=\"elementor-element elementor-element-c46c1db elementor-widget elementor-widget-image\" data-id=\"c46c1db\" data-element_type=\"widget\" data-widget_type=\"image.default\">\n\t\t\t\t<div class=\"elementor-widget-container\">\n\t\t\t\t\t\t\t\t\t\t\t\t\t\t<a href=\"https:\/\/gm-glacesetpatisseries.fr\/index.php\/patisseries\/\">\n\t\t\t\t\t\t\t<img fetchpriority=\"high\" decoding=\"async\" width=\"626\" height=\"960\" src=\"https:\/\/gm-glacesetpatisseries.fr\/wp-content\/uploads\/2020\/10\/SavarinOrange.jpg\" class=\"elementor-animation-grow attachment-medium_large size-medium_large wp-image-1245\" alt=\"SavarinOrange P\u00e2tisseries Avignon\" srcset=\"https:\/\/gm-glacesetpatisseries.fr\/wp-content\/uploads\/2020\/10\/SavarinOrange.jpg 626w, https:\/\/gm-glacesetpatisseries.fr\/wp-content\/uploads\/2020\/10\/SavarinOrange-600x920.jpg 600w, https:\/\/gm-glacesetpatisseries.fr\/wp-content\/uploads\/2020\/10\/SavarinOrange-196x300.jpg 196w\" sizes=\"(max-width: 626px) 100vw, 626px\" \/>\t\t\t\t\t\t\t\t<\/a>\n\t\t\t\t\t\t\t\t\t\t\t\t\t<\/div>\n\t\t\t\t<\/div>\n\t\t\t\t\t<\/div>\n\t\t<\/div>\n\t\t\t\t<div class=\"elementor-column elementor-col-25 elementor-top-column elementor-element elementor-element-2827d66\" data-id=\"2827d66\" data-element_type=\"column\">\n\t\t\t<div class=\"elementor-widget-wrap elementor-element-populated\">\n\t\t\t\t\t\t<div class=\"elementor-element elementor-element-4375aa3 elementor-widget elementor-widget-heading\" data-id=\"4375aa3\" data-element_type=\"widget\" data-widget_type=\"heading.default\">\n\t\t\t\t<div class=\"elementor-widget-container\">\n\t\t\t<h2 class=\"elementor-heading-title elementor-size-default\"><a href=\"https:\/\/gm-glacesetpatisseries.fr\/index.php\/pieces-montees\/\">Pi\u00e8ces Mont\u00e9es<\/a><\/h2>\t\t<\/div>\n\t\t\t\t<\/div>\n\t\t\t\t<div class=\"elementor-element elementor-element-f3bfe20 elementor-widget elementor-widget-image\" data-id=\"f3bfe20\" data-element_type=\"widget\" data-widget_type=\"image.default\">\n\t\t\t\t<div class=\"elementor-widget-container\">\n\t\t\t\t\t\t\t\t\t\t\t\t\t\t<a href=\"https:\/\/gm-glacesetpatisseries.fr\/index.php\/pieces-montees\/\">\n\t\t\t\t\t\t\t<img decoding=\"async\" width=\"600\" height=\"933\" src=\"https:\/\/gm-glacesetpatisseries.fr\/wp-content\/uploads\/2020\/10\/Musique.jpg\" class=\"elementor-animation-grow attachment-medium_large size-medium_large wp-image-1240\" alt=\"Piece Mont\u00e9e GM VIOLON\" srcset=\"https:\/\/gm-glacesetpatisseries.fr\/wp-content\/uploads\/2020\/10\/Musique.jpg 600w, https:\/\/gm-glacesetpatisseries.fr\/wp-content\/uploads\/2020\/10\/Musique-193x300.jpg 193w\" sizes=\"(max-width: 600px) 100vw, 600px\" \/>\t\t\t\t\t\t\t\t<\/a>\n\t\t\t\t\t\t\t\t\t\t\t\t\t<\/div>\n\t\t\t\t<\/div>\n\t\t\t\t\t<\/div>\n\t\t<\/div>\n\t\t\t\t<div class=\"elementor-column elementor-col-25 elementor-top-column elementor-element elementor-element-8db9229\" data-id=\"8db9229\" data-element_type=\"column\">\n\t\t\t<div class=\"elementor-widget-wrap elementor-element-populated\">\n\t\t\t\t\t\t<div class=\"elementor-element elementor-element-af6d580 elementor-widget elementor-widget-heading\" data-id=\"af6d580\" data-element_type=\"widget\" data-widget_type=\"heading.default\">\n\t\t\t\t<div class=\"elementor-widget-container\">\n\t\t\t<h2 class=\"elementor-heading-title elementor-size-default\"><a href=\"https:\/\/gm-glacesetpatisseries.fr\/index.php\/glaces\/\">Glaces<\/a><\/h2>\t\t<\/div>\n\t\t\t\t<\/div>\n\t\t\t\t<div class=\"elementor-element elementor-element-32886b7 elementor-widget elementor-widget-image\" data-id=\"32886b7\" data-element_type=\"widget\" data-widget_type=\"image.default\">\n\t\t\t\t<div class=\"elementor-widget-container\">\n\t\t\t\t\t\t\t\t\t\t\t\t\t\t<a href=\"https:\/\/gm-glacesetpatisseries.fr\/index.php\/glaces\/\">\n\t\t\t\t\t\t\t<img decoding=\"async\" width=\"600\" height=\"911\" src=\"https:\/\/gm-glacesetpatisseries.fr\/wp-content\/uploads\/2020\/10\/glace1.jpg\" class=\"elementor-animation-grow attachment-medium_large size-medium_large wp-image-1243\" alt=\"Glace GM Avignon\" srcset=\"https:\/\/gm-glacesetpatisseries.fr\/wp-content\/uploads\/2020\/10\/glace1.jpg 600w, https:\/\/gm-glacesetpatisseries.fr\/wp-content\/uploads\/2020\/10\/glace1-198x300.jpg 198w\" sizes=\"(max-width: 600px) 100vw, 600px\" \/>\t\t\t\t\t\t\t\t<\/a>\n\t\t\t\t\t\t\t\t\t\t\t\t\t<\/div>\n\t\t\t\t<\/div>\n\t\t\t\t\t<\/div>\n\t\t<\/div>\n\t\t\t\t<div class=\"elementor-column elementor-col-25 elementor-top-column elementor-element elementor-element-837ce68\" data-id=\"837ce68\" data-element_type=\"column\">\n\t\t\t<div class=\"elementor-widget-wrap elementor-element-populated\">\n\t\t\t\t\t\t<div class=\"elementor-element elementor-element-99ff161 elementor-widget elementor-widget-heading\" data-id=\"99ff161\" data-element_type=\"widget\" data-widget_type=\"heading.default\">\n\t\t\t\t<div class=\"elementor-widget-container\">\n\t\t\t<h2 class=\"elementor-heading-title elementor-size-default\"><a href=\"https:\/\/gm-glacesetpatisseries.fr\/index.php\/glacier-ambulant\/\">Glacier Ambulant<\/a><\/h2>\t\t<\/div>\n\t\t\t\t<\/div>\n\t\t\t\t<div class=\"elementor-element elementor-element-a37ff84 elementor-widget elementor-widget-image\" data-id=\"a37ff84\" data-element_type=\"widget\" data-widget_type=\"image.default\">\n\t\t\t\t<div class=\"elementor-widget-container\">\n\t\t\t\t\t\t\t\t\t\t\t\t\t\t<a href=\"https:\/\/gm-glacesetpatisseries.fr\/index.php\/glacier-ambulant\/\">\n\t\t\t\t\t\t\t<img loading=\"lazy\" decoding=\"async\" width=\"600\" height=\"816\" src=\"https:\/\/gm-glacesetpatisseries.fr\/wp-content\/uploads\/2020\/10\/trio-piaggo.jpg\" class=\"elementor-animation-grow attachment-medium_large size-medium_large wp-image-1244\" alt=\"camion de glace GM\" srcset=\"https:\/\/gm-glacesetpatisseries.fr\/wp-content\/uploads\/2020\/10\/trio-piaggo.jpg 600w, https:\/\/gm-glacesetpatisseries.fr\/wp-content\/uploads\/2020\/10\/trio-piaggo-221x300.jpg 221w\" sizes=\"(max-width: 600px) 100vw, 600px\" \/>\t\t\t\t\t\t\t\t<\/a>\n\t\t\t\t\t\t\t\t\t\t\t\t\t<\/div>\n\t\t\t\t<\/div>\n\t\t\t\t\t<\/div>\n\t\t<\/div>\n\t\t\t\t\t<\/div>\n\t\t<\/section>\n\t\t\t\t<section class=\"elementor-section elementor-top-section elementor-element elementor-element-786289d elementor-section-boxed elementor-section-height-default elementor-section-height-default\" data-id=\"786289d\" data-element_type=\"section\">\n\t\t\t\t\t\t<div class=\"elementor-container elementor-column-gap-default\">\n\t\t\t\t\t<div class=\"elementor-column elementor-col-100 elementor-top-column elementor-element elementor-element-7c728d6\" data-id=\"7c728d6\" data-element_type=\"column\">\n\t\t\t<div class=\"elementor-widget-wrap elementor-element-populated\">\n\t\t\t\t\t\t<div class=\"elementor-element elementor-element-eaf04f2 elementor-widget elementor-widget-spacer\" data-id=\"eaf04f2\" data-element_type=\"widget\" data-widget_type=\"spacer.default\">\n\t\t\t\t<div class=\"elementor-widget-container\">\n\t\t\t\t\t<div class=\"elementor-spacer\">\n\t\t\t<div class=\"elementor-spacer-inner\"><\/div>\n\t\t<\/div>\n\t\t\t\t<\/div>\n\t\t\t\t<\/div>\n\t\t\t\t\t<\/div>\n\t\t<\/div>\n\t\t\t\t\t<\/div>\n\t\t<\/section>\n\t\t\t\t<\/div>\n\t\t","protected":false},"excerpt":{"rendered":"<p>G&rsquo;M Les Glaces et P\u00e2tisseries P\u00e2tisseries Pi\u00e8ces Mont\u00e9es Glaces Glacier Ambulant<\/p>\n","protected":false},"author":1,"featured_media":1882,"parent":0,"menu_order":0,"comment_status":"closed","ping_status":"closed","template":"","meta":{"site-sidebar-layout":"no-sidebar","site-content-layout":"page-builder","ast-site-content-layout":"","site-content-style":"default","site-sidebar-style":"default","ast-global-header-display":"","ast-banner-title-visibility":"","ast-main-header-display":"","ast-hfb-above-header-display":"","ast-hfb-below-header-display":"","ast-hfb-mobile-header-display":"","site-post-title":"disabled","ast-breadcrumbs-content":"","ast-featured-img":"disabled","footer-sml-layout":"","theme-transparent-header-meta":"enabled","adv-header-id-meta":"","stick-header-meta":"","header-above-stick-meta":"","header-main-stick-meta":"","header-below-stick-meta":"","astra-migrate-meta-layouts":"default","ast-page-background-enabled":"default","ast-page-background-meta":{"desktop":{"background-color":"","background-image":"","background-repeat":"repeat","background-position":"center center","background-size":"auto","background-attachment":"scroll","background-type":"","background-media":"","overlay-type":"","overlay-color":"","overlay-opacity":"","overlay-gradient":""},"tablet":{"background-color":"","background-image":"","background-repeat":"repeat","background-position":"center center","background-size":"auto","background-attachment":"scroll","background-type":"","background-media":"","overlay-type":"","overlay-color":"","overlay-opacity":"","overlay-gradient":""},"mobile":{"background-color":"","background-image":"","background-repeat":"repeat","background-position":"center center","background-size":"auto","background-attachment":"scroll","background-type":"","background-media":"","overlay-type":"","overlay-color":"","overlay-opacity":"","overlay-gradient":""}},"ast-content-background-meta":{"desktop":{"background-color":"var(--ast-global-color-5)","background-image":"","background-repeat":"repeat","background-position":"center center","background-size":"auto","background-attachment":"scroll","background-type":"","background-media":"","overlay-type":"","overlay-color":"","overlay-opacity":"","overlay-gradient":""},"tablet":{"background-color":"var(--ast-global-color-5)","background-image":"","background-repeat":"repeat","background-position":"center center","background-size":"auto","background-attachment":"scroll","background-type":"","background-media":"","overlay-type":"","overlay-color":"","overlay-opacity":"","overlay-gradient":""},"mobile":{"background-color":"var(--ast-global-color-5)","background-image":"","background-repeat":"repeat","background-position":"center center","background-size":"auto","background-attachment":"scroll","background-type":"","background-media":"","overlay-type":"","overlay-color":"","overlay-opacity":"","overlay-gradient":""}}},"yoast_head":"<!-- This site is optimized with the Yoast SEO plugin v21.1 - https:\/\/yoast.com\/wordpress\/plugins\/seo\/ -->\n<title>Glaces et P\u00e2tisseries Artisanales Mori\u00e8res les Avignon<\/title>\n<meta name=\"description\" content=\"Glaces et P\u00e2tisseries sur Mori\u00e8res, nous r\u00e9alisons des pi\u00e8ces mont\u00e9es et avec notre camion \u00e0 glace, nous nous d\u00e9pla\u00e7ons \u00e0 l&#039;occasion de f\u00eates\" \/>\n<meta name=\"robots\" content=\"index, follow, max-snippet:-1, max-image-preview:large, max-video-preview:-1\" \/>\n<link rel=\"canonical\" href=\"https:\/\/gm-glacesetpatisseries.fr\/\" \/>\n<meta property=\"og:locale\" content=\"fr_FR\" \/>\n<meta property=\"og:type\" content=\"article\" \/>\n<meta property=\"og:title\" content=\"Glaces et P\u00e2tisseries Artisanales Mori\u00e8res les Avignon\" \/>\n<meta property=\"og:description\" content=\"Glaces et P\u00e2tisseries sur Mori\u00e8res, nous r\u00e9alisons des pi\u00e8ces mont\u00e9es et avec notre camion \u00e0 glace, nous nous d\u00e9pla\u00e7ons \u00e0 l&#039;occasion de f\u00eates\" \/>\n<meta property=\"og:url\" content=\"https:\/\/gm-glacesetpatisseries.fr\/\" \/>\n<meta property=\"og:site_name\" content=\"Les Glaces et P\u00e2tisseries\" \/>\n<meta property=\"article:modified_time\" content=\"2025-10-14T10:22:59+00:00\" \/>\n<meta property=\"og:image\" content=\"https:\/\/gm-glacesetpatisseries.fr\/wp-content\/uploads\/2021\/02\/glace-fruits1200.jpg\" \/>\n\t<meta property=\"og:image:width\" content=\"1200\" \/>\n\t<meta property=\"og:image:height\" content=\"800\" \/>\n\t<meta property=\"og:image:type\" content=\"image\/jpeg\" \/>\n<meta name=\"twitter:card\" content=\"summary_large_image\" \/>\n<meta name=\"twitter:label1\" content=\"Dur\u00e9e de lecture estim\u00e9e\" \/>\n\t<meta name=\"twitter:data1\" content=\"1 minute\" \/>\n<script type=\"application\/ld+json\" class=\"yoast-schema-graph\">{\"@context\":\"https:\/\/schema.org\",\"@graph\":[{\"@type\":\"WebPage\",\"@id\":\"https:\/\/gm-glacesetpatisseries.fr\/\",\"url\":\"https:\/\/gm-glacesetpatisseries.fr\/\",\"name\":\"Glaces et P\u00e2tisseries Artisanales Mori\u00e8res les Avignon\",\"isPartOf\":{\"@id\":\"https:\/\/gm-glacesetpatisseries.fr\/#website\"},\"datePublished\":\"2020-10-30T12:00:06+00:00\",\"dateModified\":\"2025-10-14T10:22:59+00:00\",\"description\":\"Glaces et P\u00e2tisseries sur Mori\u00e8res, nous r\u00e9alisons des pi\u00e8ces mont\u00e9es et avec notre camion \u00e0 glace, nous nous d\u00e9pla\u00e7ons \u00e0 l'occasion de f\u00eates\",\"breadcrumb\":{\"@id\":\"https:\/\/gm-glacesetpatisseries.fr\/#breadcrumb\"},\"inLanguage\":\"fr-FR\",\"potentialAction\":[{\"@type\":\"ReadAction\",\"target\":[\"https:\/\/gm-glacesetpatisseries.fr\/\"]}]},{\"@type\":\"BreadcrumbList\",\"@id\":\"https:\/\/gm-glacesetpatisseries.fr\/#breadcrumb\",\"itemListElement\":[{\"@type\":\"ListItem\",\"position\":1,\"name\":\"Accueil\",\"item\":\"https:\/\/gm-glacesetpatisseries.fr\/\"},{\"@type\":\"ListItem\",\"position\":2,\"name\":\"Accueil GM\"}]},{\"@type\":\"WebSite\",\"@id\":\"https:\/\/gm-glacesetpatisseries.fr\/#website\",\"url\":\"https:\/\/gm-glacesetpatisseries.fr\/\",\"name\":\"Les Glaces et P\u00e2tisseries\",\"description\":\"Pour fondre de plaisir\",\"publisher\":{\"@id\":\"https:\/\/gm-glacesetpatisseries.fr\/#organization\"},\"potentialAction\":[{\"@type\":\"SearchAction\",\"target\":{\"@type\":\"EntryPoint\",\"urlTemplate\":\"https:\/\/gm-glacesetpatisseries.fr\/?s={search_term_string}\"},\"query-input\":\"required name=search_term_string\"}],\"inLanguage\":\"fr-FR\"},{\"@type\":\"Organization\",\"@id\":\"https:\/\/gm-glacesetpatisseries.fr\/#organization\",\"name\":\"Les Glaces et P\u00e2tisseries\",\"url\":\"https:\/\/gm-glacesetpatisseries.fr\/\",\"logo\":{\"@type\":\"ImageObject\",\"inLanguage\":\"fr-FR\",\"@id\":\"https:\/\/gm-glacesetpatisseries.fr\/#\/schema\/logo\/image\/\",\"url\":\"https:\/\/gm-glacesetpatisseries.fr\/wp-content\/uploads\/2020\/10\/cropped-logo-Vectorise1-1.png\",\"contentUrl\":\"https:\/\/gm-glacesetpatisseries.fr\/wp-content\/uploads\/2020\/10\/cropped-logo-Vectorise1-1.png\",\"width\":1949,\"height\":1456,\"caption\":\"Les Glaces et P\u00e2tisseries\"},\"image\":{\"@id\":\"https:\/\/gm-glacesetpatisseries.fr\/#\/schema\/logo\/image\/\"}}]}<\/script>\n<!-- \/ Yoast SEO plugin. -->","yoast_head_json":{"title":"Glaces et P\u00e2tisseries Artisanales Mori\u00e8res les Avignon","description":"Glaces et P\u00e2tisseries sur Mori\u00e8res, nous r\u00e9alisons des pi\u00e8ces mont\u00e9es et avec notre camion \u00e0 glace, nous nous d\u00e9pla\u00e7ons \u00e0 l'occasion de f\u00eates","robots":{"index":"index","follow":"follow","max-snippet":"max-snippet:-1","max-image-preview":"max-image-preview:large","max-video-preview":"max-video-preview:-1"},"canonical":"https:\/\/gm-glacesetpatisseries.fr\/","og_locale":"fr_FR","og_type":"article","og_title":"Glaces et P\u00e2tisseries Artisanales Mori\u00e8res les Avignon","og_description":"Glaces et P\u00e2tisseries sur Mori\u00e8res, nous r\u00e9alisons des pi\u00e8ces mont\u00e9es et avec notre camion \u00e0 glace, nous nous d\u00e9pla\u00e7ons \u00e0 l'occasion de f\u00eates","og_url":"https:\/\/gm-glacesetpatisseries.fr\/","og_site_name":"Les Glaces et P\u00e2tisseries","article_modified_time":"2025-10-14T10:22:59+00:00","og_image":[{"width":1200,"height":800,"url":"https:\/\/gm-glacesetpatisseries.fr\/wp-content\/uploads\/2021\/02\/glace-fruits1200.jpg","type":"image\/jpeg"}],"twitter_card":"summary_large_image","twitter_misc":{"Dur\u00e9e de lecture estim\u00e9e":"1 minute"},"schema":{"@context":"https:\/\/schema.org","@graph":[{"@type":"WebPage","@id":"https:\/\/gm-glacesetpatisseries.fr\/","url":"https:\/\/gm-glacesetpatisseries.fr\/","name":"Glaces et P\u00e2tisseries Artisanales Mori\u00e8res les Avignon","isPartOf":{"@id":"https:\/\/gm-glacesetpatisseries.fr\/#website"},"datePublished":"2020-10-30T12:00:06+00:00","dateModified":"2025-10-14T10:22:59+00:00","description":"Glaces et P\u00e2tisseries sur Mori\u00e8res, nous r\u00e9alisons des pi\u00e8ces mont\u00e9es et avec notre camion \u00e0 glace, nous nous d\u00e9pla\u00e7ons \u00e0 l'occasion de f\u00eates","breadcrumb":{"@id":"https:\/\/gm-glacesetpatisseries.fr\/#breadcrumb"},"inLanguage":"fr-FR","potentialAction":[{"@type":"ReadAction","target":["https:\/\/gm-glacesetpatisseries.fr\/"]}]},{"@type":"BreadcrumbList","@id":"https:\/\/gm-glacesetpatisseries.fr\/#breadcrumb","itemListElement":[{"@type":"ListItem","position":1,"name":"Accueil","item":"https:\/\/gm-glacesetpatisseries.fr\/"},{"@type":"ListItem","position":2,"name":"Accueil GM"}]},{"@type":"WebSite","@id":"https:\/\/gm-glacesetpatisseries.fr\/#website","url":"https:\/\/gm-glacesetpatisseries.fr\/","name":"Les Glaces et P\u00e2tisseries","description":"Pour fondre de plaisir","publisher":{"@id":"https:\/\/gm-glacesetpatisseries.fr\/#organization"},"potentialAction":[{"@type":"SearchAction","target":{"@type":"EntryPoint","urlTemplate":"https:\/\/gm-glacesetpatisseries.fr\/?s={search_term_string}"},"query-input":"required name=search_term_string"}],"inLanguage":"fr-FR"},{"@type":"Organization","@id":"https:\/\/gm-glacesetpatisseries.fr\/#organization","name":"Les Glaces et P\u00e2tisseries","url":"https:\/\/gm-glacesetpatisseries.fr\/","logo":{"@type":"ImageObject","inLanguage":"fr-FR","@id":"https:\/\/gm-glacesetpatisseries.fr\/#\/schema\/logo\/image\/","url":"https:\/\/gm-glacesetpatisseries.fr\/wp-content\/uploads\/2020\/10\/cropped-logo-Vectorise1-1.png","contentUrl":"https:\/\/gm-glacesetpatisseries.fr\/wp-content\/uploads\/2020\/10\/cropped-logo-Vectorise1-1.png","width":1949,"height":1456,"caption":"Les Glaces et P\u00e2tisseries"},"image":{"@id":"https:\/\/gm-glacesetpatisseries.fr\/#\/schema\/logo\/image\/"}}]}},"_links":{"self":[{"href":"https:\/\/gm-glacesetpatisseries.fr\/index.php\/wp-json\/wp\/v2\/pages\/1170"}],"collection":[{"href":"https:\/\/gm-glacesetpatisseries.fr\/index.php\/wp-json\/wp\/v2\/pages"}],"about":[{"href":"https:\/\/gm-glacesetpatisseries.fr\/index.php\/wp-json\/wp\/v2\/types\/page"}],"author":[{"embeddable":true,"href":"https:\/\/gm-glacesetpatisseries.fr\/index.php\/wp-json\/wp\/v2\/users\/1"}],"replies":[{"embeddable":true,"href":"https:\/\/gm-glacesetpatisseries.fr\/index.php\/wp-json\/wp\/v2\/comments?post=1170"}],"version-history":[{"count":53,"href":"https:\/\/gm-glacesetpatisseries.fr\/index.php\/wp-json\/wp\/v2\/pages\/1170\/revisions"}],"predecessor-version":[{"id":2558,"href":"https:\/\/gm-glacesetpatisseries.fr\/index.php\/wp-json\/wp\/v2\/pages\/1170\/revisions\/2558"}],"wp:featuredmedia":[{"embeddable":true,"href":"https:\/\/gm-glacesetpatisseries.fr\/index.php\/wp-json\/wp\/v2\/media\/1882"}],"wp:attachment":[{"href":"https:\/\/gm-glacesetpatisseries.fr\/index.php\/wp-json\/wp\/v2\/media?parent=1170"}],"curies":[{"name":"wp","href":"https:\/\/api.w.org\/{rel}","templated":true}]}}